{"id":64235,"date":"2020-06-25T11:35:10","date_gmt":"2020-06-25T11:35:10","guid":{"rendered":"https:\/\/minhkhang.123websitedev.com?page_id=611"},"modified":"2024-05-23T05:33:15","modified_gmt":"2024-05-23T05:33:15","slug":"about","status":"publish","type":"page","link":"https:\/\/mikconnect.com\/vi\/about\/","title":{"rendered":"V\u1ec0 MIK"},"content":{"rendered":"<div data-elementor-type=\"wp-page\" data-elementor-id=\"64235\" class=\"elementor elementor-64235\">\n\t\t\t\t\t\t\t\t\t<section class=\"elementor-section elementor-top-section elementor-element elementor-element-1e8e92d elementor-section-stretched elementor-section-full_width elementor-section-height-default elementor-section-height-default\" data-id=\"1e8e92d\" data-element_type=\"section\" data-settings=\"{&quot;stretch_section&quot;:&quot;section-stretched&quot;}\">\n\t\t\t\t\t\t<div class=\"elementor-container elementor-column-gap-default\">\n\t\t\t\t\t<div class=\"elementor-column elementor-col-100 elementor-top-column elementor-element elementor-element-6d4fd4c\" data-id=\"6d4fd4c\" data-element_type=\"column\">\n\t\t\t<div class=\"elementor-widget-wrap elementor-element-populated\">\n\t\t\t\t\t\t\t\t<div class=\"elementor-element elementor-element-f9c8972 desc-about elementor-widget elementor-widget-fionca_about\" data-id=\"f9c8972\" data-element_type=\"widget\" data-widget_type=\"fionca_about.default\">\n\t\t\t\t<div class=\"elementor-widget-container\">\n\t\t\t\t\t<!-- about-section -->\n\t\t\t\t\t<section class=\"about-section bg-color-5\">\n\t\t\t\t<div class=\"auto-container\">\n\t\t\t\t\t<div class=\"row clearfix\">\n\t\t\t\t\t\t<div class=\"col-lg-6 col-md-12 col-sm-12 video-column\">\n\t\t\t\t\t\t\t<div class=\"video-inner\">\n\t\t\t\t\t\t\t\t\t\t\t\t\t\t\t\t<figure class=\"image-box\"><img decoding=\"async\" src=\"https:\/\/mikconnect.com\/wp-content\/uploads\/2024\/05\/13693043_1265796356766349_2513843848293388391_o-3.jpg\" title=\"13693043_1265796356766349_2513843848293388391_o-3\" alt=\"13693043_1265796356766349_2513843848293388391_o-3\" loading=\"lazy\" \/><\/figure>\n\t\t\t\t\t\t\t\t\t\t\t\t\t\t\t<\/div>\n\t\t\t\t\t\t<\/div>\n\t\t\t\t\t\t<div class=\"col-lg-6 col-md-12 col-sm-12 content-column\">\n\t\t\t\t\t\t\t<div id=\"content_block_one\">\n\t\t\t\t\t\t\t\t<div class=\"content-box\">\n\t\t\t\t\t\t\t\t\t<div class=\"sec-title left\">\n\t\t\t\t\t\t\t\t\t\t<h5>V\u1ec1<\/h5>\n\t\t\t\t\t\t\t\t\t\t<h2 class=\"heading\">MIK - Nh\u00e0 S\u1ea3n Xu\u1ea5t Nh\u1ef1a Gia C\u00f4ng Theo Y\u00eau C\u1ea7u<\/h2>\n\t\t\t\t\t\t\t\t\t<\/div>\n\t\t\t\t\t\t\t\t\t<div>\n\t\t\t\t\t\t\t\t\t\t<p><\/br>\n<\/br>\nMIK Corporation l\u00e0 nh\u00e0 s\u1ea3n xu\u1ea5t nh\u1ef1a uy t\u00edn c\u00f3 tr\u1ee5 s\u1edf t\u1ea1i Vi\u1ec7t Nam, s\u1edf h\u1eefu h\u01a1n 10 n\u0103m kinh nghi\u1ec7m trong ng\u00e0nh. Ch\u00fang t\u00f4i t\u1ef1 h\u00e0o cung c\u1ea5p c\u00e1c gi\u1ea3i ph\u00e1p nh\u1ef1a to\u00e0n di\u1ec7n v\u1edbi m\u1ee9c gi\u00e1 c\u1ea1nh tranh gi\u00fap t\u1ed1i \u01b0u h\u00f3a chi ph\u00ed s\u1ea3n xu\u1ea5t cho kh\u00e1ch h\u00e0ng. \n<\/br>\n<\/br>\nWe are proud to be a leading manufacturer in producing BIOPLASTIC and  RECYCLABLE PLASTIC. Our focus lies in industries such as cosmetic, food packaging, and houseware. Additionally, we provide professional OEM and ODM services to meet the specific needs of our clients. \n<\/br>\n<\/br><\/p>\n\t\t\t\t\t\t\t\t\t<\/div>\n\t\t\t\t\t\t\t\t\t<div class=\"inner-box\">\n\t\t\t\t\t\t\t\t\t\t\t\t\t\t\t\t\t\t\t\t\t<div class=\"single-item\">\n\t\t\t\t\t\t\t\t\t\t\t\t<div class=\"icon-box\">\n\t\t\t\t\t\t\t\t\t\t\t\t\t<span class=\"bg-box\"><\/span>\n\t\t\t\t\t\t\t\t\t\t\t\t\t\t\t\t\t\t\t\t\t\t\t\t\t<\/div>\n\t\t\t\t\t\t\t\t\t\t\t\t<h4 class=\"headingtwo\"><\/h4>\n\t\t\t\t\t\t\t\t\t\t\t\t<p><\/p>\n\t\t\t\t\t\t\t\t\t\t\t<\/div>\n\t\t\t\t\t\t\t\t\t\t\t\t\t\t\t\t\t\t\t<\/div>\n\t\t\t\t\t\t\t\t<\/div>\n\t\t\t\t\t\t\t<\/div>\n\t\t\t\t\t\t<\/div>\n\t\t\t\t\t<\/div>\n\t\t\t\t<\/div>\n\t\t\t<\/section>\n\t\t\t<!-- about-section end -->\n\t\t\t\t\t<!-- about-style-four end -->\n\t\t\t\t<\/div>\n\t\t\t\t<\/div>\n\t\t\t\t\t<\/div>\n\t\t<\/div>\n\t\t\t\t\t\t\t<\/div>\n\t\t<\/section>\n\t\t\t\t<section class=\"elementor-section elementor-top-section elementor-element elementor-element-ea08ca3 elementor-section-stretched elementor-section-full_width elementor-section-height-default elementor-section-height-default\" data-id=\"ea08ca3\" data-element_type=\"section\" data-settings=\"{&quot;stretch_section&quot;:&quot;section-stretched&quot;}\">\n\t\t\t\t\t\t<div class=\"elementor-container elementor-column-gap-default\">\n\t\t\t\t\t<div class=\"elementor-column elementor-col-100 elementor-top-column elementor-element elementor-element-287adf3\" data-id=\"287adf3\" data-element_type=\"column\">\n\t\t\t<div class=\"elementor-widget-wrap elementor-element-populated\">\n\t\t\t\t\t\t\t\t<div class=\"elementor-element elementor-element-75b1fcf box-certificates elementor-widget elementor-widget-fionca_title\" data-id=\"75b1fcf\" data-element_type=\"widget\" data-widget_type=\"fionca_title.default\">\n\t\t\t\t<div class=\"elementor-widget-container\">\n\t\t\t\t\t<!-- service-section -->\n\t\t\t\t\t<section class=\"service-section\">\n\t\t\t\t<div class=\"auto-container\">\n\t\t\t\t\t<div class=\"title-box\">\n\t\t\t\t\t\t<div class=\"row clearfix\">\n\t\t\t\t\t\t\t<div class=\"col-lg-6 col-md-12 col-sm-12 title-column\">\n\t\t\t\t\t\t\t\t<div class=\"sec-title right\">\n\t\t\t\t\t\t\t\t\t<h5>MIK'S<\/h5>\n\t\t\t\t\t\t\t\t\t<h2 class=\"heading\">CH\u1ee8NG NH\u1eacN<\/h2>\n\t\t\t\t\t\t\t\t<\/div>\n\t\t\t\t\t\t\t<\/div>\n\t\t\t\t\t\t\t<div class=\"col-lg-6 col-md-12 col-sm-12 text-column\">\n\t\t\t\t\t\t\t\t<div class=\"text\">\n\t\t\t\t\t\t\t\t\t<p>C\u00e1c nh\u00e0 s\u1ea3n xu\u1ea5t c\u1ee7a ch\u00fang t\u00f4i t\u1ef1 h\u00e0o \u0111\u00e3 nh\u1eadn \u0111\u01b0\u1ee3c m\u1ed9t s\u1ed1 ch\u1ee9ng ch\u1ec9 h\u1ec7 th\u1ed1ng v\u00e0 s\u1ea3n ph\u1ea9m trong n\u01b0\u1edbc v\u00e0 qu\u1ed1c t\u1ebf.<\/p>\n\t\t\t\t\t\t\t\t<\/div>\n\t\t\t\t\t\t\t<\/div>\n\t\t\t\t\t\t<\/div>\n\t\t\t\t\t<\/div>\n\t\t\t\t<\/div>\n\t\t\t<\/section>\n\t\t\t<!-- service-section end -->\n\t\t\t\t<!-- service-style-five end -->\n\t\t\t\t<\/div>\n\t\t\t\t<\/div>\n\t\t\t\t<div class=\"elementor-element elementor-element-03762c3 box-clients elementor-widget elementor-widget-fionca_clients\" data-id=\"03762c3\" data-element_type=\"widget\" data-widget_type=\"fionca_clients.default\">\n\t\t\t\t<div class=\"elementor-widget-container\">\n\t\t\t\t\t\t\t\t<section class=\"clients-section\">\n\t\t\t\t<div class=\"auto-container\">\n\t\t\t\t\t<div class=\"clients-carousel owl-carousel owl-theme owl-dots-none owl-nav-none\">\n\t\t\t\t\t\t\n\t\t\t\t\t\t\t<figure class=\"client-logo\"><a href=\"https:\/\/mikconnect.com\/\"  target=\"_blank\"  rel=\"nofollow\"><img decoding=\"async\" src=\"https:\/\/mikconnect.com\/wp-content\/uploads\/2023\/09\/512x512-1-3.png\" title=\"512&#215;512-1\" alt=\"512x512-1\" loading=\"lazy\" \/><\/a><\/figure>\n\t\t\t\t\t\t\n\t\t\t\t\t\t\t<figure class=\"client-logo\"><a href=\"https:\/\/mikconnect.com\/\"  target=\"_blank\"  rel=\"nofollow\"><img decoding=\"async\" src=\"https:\/\/mikconnect.com\/wp-content\/uploads\/2023\/09\/512x512-2-3.png\" title=\"512&#215;512-2\" alt=\"512x512-2\" loading=\"lazy\" \/><\/a><\/figure>\n\t\t\t\t\t\t\n\t\t\t\t\t\t\t<figure class=\"client-logo\"><a href=\"\"  target=\"_blank\"  rel=\"nofollow\"><img decoding=\"async\" src=\"https:\/\/mikconnect.com\/wp-content\/uploads\/2024\/04\/MK-ISO-9001-1.png\" title=\"MK &#8211; ISO 9001 (1)\" alt=\"MK - ISO 9001 (1)\" loading=\"lazy\" \/><\/a><\/figure>\n\t\t\t\t\t\t\n\t\t\t\t\t\t\t<figure class=\"client-logo\"><a href=\"\"  target=\"_blank\"  rel=\"nofollow\"><img decoding=\"async\" src=\"https:\/\/mikconnect.com\/wp-content\/uploads\/2024\/04\/MK-ISO-22000-1.png\" title=\"MK &#8211; ISO 22000 (1)\" alt=\"MK - ISO 22000 (1)\" loading=\"lazy\" \/><\/a><\/figure>\n\t\t\t\t\t\t\n\t\t\t\t\t<\/div>\n\t\t\t\t<\/div>\n\t\t\t<\/section>\n\t\t\t<!-- clients-section end -->\n\t\t\t\t\t\t<\/div>\n\t\t\t\t<\/div>\n\t\t\t\t\t<\/div>\n\t\t<\/div>\n\t\t\t\t\t\t\t<\/div>\n\t\t<\/section>\n\t\t\t\t<section class=\"elementor-section elementor-top-section elementor-element elementor-element-c3e34e2 elementor-section-stretched elementor-section-full_width new-rifat-contact-option elementor-section-height-default elementor-section-height-default\" data-id=\"c3e34e2\" data-element_type=\"section\" data-settings=\"{&quot;stretch_section&quot;:&quot;section-stretched&quot;}\">\n\t\t\t\t\t\t<div class=\"elementor-container elementor-column-gap-default\">\n\t\t\t\t\t<div class=\"elementor-column elementor-col-100 elementor-top-column elementor-element elementor-element-f337742\" data-id=\"f337742\" data-element_type=\"column\">\n\t\t\t<div class=\"elementor-widget-wrap elementor-element-populated\">\n\t\t\t\t\t\t\t\t<div class=\"elementor-element elementor-element-0391786 elementor-widget elementor-widget-fioonca_contact_info\" data-id=\"0391786\" data-element_type=\"widget\" data-widget_type=\"fioonca_contact_info.default\">\n\t\t\t\t<div class=\"elementor-widget-container\">\n\t\t\t\t\t<!-- contact-information -->\n\t\t<section class=\"contact-information centred\">\n\t\t\t<div class=\"auto-container\">\n\t\t\t\t<div class=\"sec-title right\">\n\t\t\t\t\t<h5>LI\u00caN H\u1ec6 NGAY V\u1edaI CH\u00daNG T\u00d4I<\/h5>\n\t\t\t\t\t<h2 class=\"heading\">B\u1ea1n c\u1ea7n h\u1ed7 tr\u1ee3<br>Xin vui l\u00f2ng li\u00ean h\u1ec7 tr\u1ef1c ti\u1ebfp t\u1ea1i \u0111\u00e2y<\/h2>\n\t\t\t\t<\/div>\n\t\t\t\t<div class=\"row clearfix\">\n\t\t\t\t\t\t\t\t\t\t\t<div class=\"col-lg-4 col-md-6 col-sm-12 single-column\">\n\t\t\t\t\t\t\t<div class=\"single-item wow fadeInLeft\" data-wow-delay=\"0ms\" data-wow-duration=\"1500ms\">\n\t\t\t\t\t\t\t\t<div class=\"inner-box\">\n\t\t\t\t\t\t\t\t\t<div class=\"icon-box\"><svg xmlns=\"http:\/\/www.w3.org\/2000\/svg\" xmlns:xlink=\"http:\/\/www.w3.org\/1999\/xlink\" id=\"LOCATION\" width=\"64px\" height=\"64px\" viewbox=\"-180 -180 2160.00 2160.00\" xml:space=\"preserve\" fill=\"#000000\"><g id=\"SVGRepo_bgCarrier\" stroke-width=\"0\"><\/g><g id=\"SVGRepo_tracerCarrier\" stroke-linecap=\"round\" stroke-linejoin=\"round\"><\/g><g id=\"SVGRepo_iconCarrier\"> <g> <g> <path fill=\"#b78d52\" d=\"M899.993,1556.267l441.512-441.511c8.202-7.819,26.127-26.384,26.893-27.184l0.36-0.383 c110.946-118.997,172.046-274.141,172.046-436.851c0-353.342-287.463-640.805-640.803-640.805 c-353.342,0-640.805,287.463-640.805,640.805c0,162.714,61.1,317.857,172.038,436.851L899.993,1556.267z M900.001,71.159 c319.355,0,579.179,259.818,579.179,579.18c0,146.968-55.159,287.114-155.315,394.639c-5.202,5.387-19.292,19.873-25.095,25.383 L900.006,1469.1l-424.049-424.315C375.902,937.286,320.82,797.229,320.82,650.339C320.82,330.977,580.634,71.159,900.001,71.159z\"><\/path> <\/g> <g> <path fill=\"#b78d52\" d=\"M998.745,225.279c110.577,0,325.781,120.91,325.781,342.553c0,17.018,13.789,30.812,30.812,30.812 c17.014,0,30.812-13.794,30.812-30.812c0-115.37-50.989-222.331-143.563-301.184c-73.464-62.566-169.175-102.994-243.842-102.994 c-17.014,0-30.812,13.794-30.812,30.813S981.731,225.279,998.745,225.279z\"><\/path> <\/g> <g> <path fill=\"#b78d52\" d=\"M1286.716,1361.056c-24.003-9.809-49.854-18.548-77.134-26.264l-50.474,50.478 c148.765,35.502,240.488,98.79,240.488,157.599c0,87.962-205.171,185.974-499.596,185.974 c-294.417,0-499.597-98.012-499.597-185.974c0-58.805,91.723-122.097,240.488-157.599l-50.478-50.478 c-27.271,7.716-53.126,16.455-77.121,26.264c-112.537,45.995-174.513,110.563-174.513,181.813s61.977,135.817,174.513,181.813 c103.793,42.422,241.128,65.785,386.708,65.785c145.582,0,282.921-23.363,386.715-65.785 c112.536-45.995,174.504-110.563,174.504-181.813S1399.252,1407.051,1286.716,1361.056z\"><\/path> <\/g> <g> <path fill=\"#b78d52\" d=\"M901.771,945.221c-171.172,0-310.434-139.256-310.434-310.425S730.599,324.37,901.771,324.37 c171.172,0,310.434,139.256,310.434,310.425S1072.943,945.221,901.771,945.221z M901.771,385.995 c-137.193,0-248.809,111.612-248.809,248.801s111.616,248.801,248.809,248.801c137.192,0,248.809-111.612,248.809-248.801 S1038.964,385.995,901.771,385.995z\"><\/path> <\/g> <\/g> <\/g><\/svg><\/div>\n\t\t\t\t\t\t\t\t\t<h3>\u0110\u1ecba ch\u1ec9<\/h3>\n\t\t\t\t\t\t\t\t\t<p><p class=\"text-center\"> T\u00f2a nh\u00e0 JMK, 389A L\u00ea \u0110\u1ea1i H\u00e0nh, Ph\u01b0\u1eddng 11, Qu\u1eadn 11, TP.HCM<\/p><\/p>\n\t\t\t\t\t\t\t\t<\/div>\n\t\t\t\t\t\t\t<\/div>\n\t\t\t\t\t\t<\/div> \t\t\t\t\t\t<div class=\"col-lg-4 col-md-6 col-sm-12 single-column\">\n\t\t\t\t\t\t\t<div class=\"single-item wow fadeInLeft\" data-wow-delay=\"0ms\" data-wow-duration=\"1500ms\">\n\t\t\t\t\t\t\t\t<div class=\"inner-box\">\n\t\t\t\t\t\t\t\t\t<div class=\"icon-box\"><svg xmlns=\"http:\/\/www.w3.org\/2000\/svg\" width=\"64px\" height=\"64px\" viewbox=\"0 0 48 48\" id=\"b\" fill=\"#000000\"><g id=\"SVGRepo_bgCarrier\" stroke-width=\"0\"><\/g><g id=\"SVGRepo_tracerCarrier\" stroke-linecap=\"round\" stroke-linejoin=\"round\"><\/g><g id=\"SVGRepo_iconCarrier\"><defs><style>.c{fill:none;stroke:#b78d52;stroke-linecap:round;stroke-linejoin:round;}<\/style><\/defs><path class=\"c\" d=\"m15.1072,20.294l2.9566-2.9567c1.2746-1.2746,1.7621-3.1438,1.2442-4.8703-.4234-1.4115-.7215-2.8773-.8813-4.3843-.1571-1.4812-1.449-2.5826-2.9385-2.5826h-6.9092c-1.7767,0-3.1454,1.5345-2.989,3.3043,1.5754,17.8285,15.7771,32.0302,33.6056,33.6056,1.7698.1564,3.3043-1.2073,3.3043-2.9839v-6.1595c0-2.2488-1.1015-3.5362-2.5826-3.6932-1.507-.1598-2.9728-.4579-4.3843-.8813-1.7266-.5179-3.5957-.0304-4.8704,1.2442l-2.9566,2.9566\"><\/path><path class=\"c\" d=\"m11.3925,5.5c0,2.6273.3257,5.1785.9389,7.6155,3.3968,13.4987,15.6156,23.492,30.1685,23.492\"><\/path><\/g><\/svg><\/div>\n\t\t\t\t\t\t\t\t\t<h3>\u0110i\u1ec7n tho\u1ea1i<\/h3>\n\t\t\t\t\t\t\t\t\t<p><p class=\"text-center\">H\u1ed7 tr\u1ee3 24\/7 <\/p>\n<p class=\"text-center\">Tel: <a href=\"tel:0938389205\">09 3838 92 05<\/a><\/p><\/p>\n\t\t\t\t\t\t\t\t<\/div>\n\t\t\t\t\t\t\t<\/div>\n\t\t\t\t\t\t<\/div> \t\t\t\t\t\t<div class=\"col-lg-4 col-md-6 col-sm-12 single-column\">\n\t\t\t\t\t\t\t<div class=\"single-item wow fadeInLeft\" data-wow-delay=\"0ms\" data-wow-duration=\"1500ms\">\n\t\t\t\t\t\t\t\t<div class=\"inner-box\">\n\t\t\t\t\t\t\t\t\t<div class=\"icon-box\"><svg xmlns=\"http:\/\/www.w3.org\/2000\/svg\" xmlns:xlink=\"http:\/\/www.w3.org\/1999\/xlink\" width=\"64px\" height=\"64px\" viewbox=\"0 0 32 32\" fill=\"#000000\"><g id=\"SVGRepo_bgCarrier\" stroke-width=\"0\"><\/g><g id=\"SVGRepo_tracerCarrier\" stroke-linecap=\"round\" stroke-linejoin=\"round\"><\/g><g id=\"SVGRepo_iconCarrier\"><g id=\"icomoon-ignore\"> <\/g><path d=\"M29.229 13.342l-11.595-11.595c-0.436-0.436-1.016-0.677-1.633-0.677s-1.197 0.24-1.633 0.677l-2.528 2.528h-3.835v3.834l-5.332 5.331v17.491h26.656v-17.489l-0.099-0.099zM28.125 13.747l-4.129 4.129v-8.257l4.129 4.129zM15.121 2.5c0.47-0.47 1.289-0.47 1.759 0l1.774 1.774h-5.307l1.774-1.774zM19.719 5.34l3.211 3.212v10.39l-2.469 2.469-2.829-2.829c-0.436-0.436-1.016-0.677-1.633-0.677s-1.197 0.241-1.633 0.677l-2.871 2.87-2.426-2.426v-13.685h10.649zM4.38 13.24l3.624-3.624v8.343l-4.172-4.172 0.548-0.548zM3.738 16.058v-0.856l7.003 7.003-0.079 0.080-0.001-0.001-6.923 6.923v-13.149zM4.589 29.864l0.573-0.573h0.002l9.957-9.956c0.47-0.47 1.289-0.47 1.759 0l10.531 10.529h-22.822zM28.262 15.36v13.848l-7.046-7.043 7.046-7.046v0.242z\" fill=\"#b78d52\"> <\/path><path d=\"M12.268 8.539h7.464v1.066h-7.464v-1.066z\" fill=\"#b78d52\"> <\/path><path d=\"M12.268 14.937h7.464v1.066h-7.464v-1.066z\" fill=\"#b78d52\"> <\/path><path d=\"M12.268 11.738h5.331v1.066h-5.331v-1.066z\" fill=\"#b78d52\"> <\/path><\/g><\/svg><\/div>\n\t\t\t\t\t\t\t\t\t<h3>E-mail<\/h3>\n\t\t\t\t\t\t\t\t\t<p><p class=\"text-center\"> \u0110\u1ecba ch\u1ec9 Email<\/p>\n<p class=\"text-center\"> <a href=\"mailto:support@mikconnect.com\">support@mikconnect.com<\/a><br><\/p><\/p>\n\t\t\t\t\t\t\t\t<\/div>\n\t\t\t\t\t\t\t<\/div>\n\t\t\t\t\t\t<\/div> \n\t\t\t\t<\/div>\n\t\t\t<\/div>\n\t\t<\/section>\n\t\t<!-- contact-information end -->\n\t\t\t\t<\/div>\n\t\t\t\t<\/div>\n\t\t\t\t\t<\/div>\n\t\t<\/div>\n\t\t\t\t\t\t\t<\/div>\n\t\t<\/section>\n\t\t\t\t\t\t\t<\/div>","protected":false},"excerpt":{"rendered":"<p>About MIK &#8211; OEM\/ODM PLASTIC MANUFACTURER MIK Corporation is a well-established plastic manufacturer based in Vietnam, with a decade of <span>&#8230;<\/span><\/p>","protected":false},"author":1,"featured_media":1063,"parent":0,"menu_order":0,"comment_status":"closed","ping_status":"closed","template":"elementor_header_footer","meta":{"footnotes":""},"class_list":["post-64235","page","type-page","status-publish","has-post-thumbnail","hentry"],"_links":{"self":[{"href":"https:\/\/mikconnect.com\/vi\/wp-json\/wp\/v2\/pages\/64235","targetHints":{"allow":["GET"]}}],"collection":[{"href":"https:\/\/mikconnect.com\/vi\/wp-json\/wp\/v2\/pages"}],"about":[{"href":"https:\/\/mikconnect.com\/vi\/wp-json\/wp\/v2\/types\/page"}],"author":[{"embeddable":true,"href":"https:\/\/mikconnect.com\/vi\/wp-json\/wp\/v2\/users\/1"}],"replies":[{"embeddable":true,"href":"https:\/\/mikconnect.com\/vi\/wp-json\/wp\/v2\/comments?post=64235"}],"version-history":[{"count":211,"href":"https:\/\/mikconnect.com\/vi\/wp-json\/wp\/v2\/pages\/64235\/revisions"}],"predecessor-version":[{"id":69357,"href":"https:\/\/mikconnect.com\/vi\/wp-json\/wp\/v2\/pages\/64235\/revisions\/69357"}],"wp:featuredmedia":[{"embeddable":true,"href":"https:\/\/mikconnect.com\/vi\/wp-json\/wp\/v2\/media\/1063"}],"wp:attachment":[{"href":"https:\/\/mikconnect.com\/vi\/wp-json\/wp\/v2\/media?parent=64235"}],"curies":[{"name":"wp","href":"https:\/\/api.w.org\/{rel}","templated":true}]}}