{"id":615,"date":"2020-06-25T11:36:29","date_gmt":"2020-06-25T11:36:29","guid":{"rendered":"https:\/\/minhkhang.123websitedev.com?page_id=615"},"modified":"2023-09-16T03:54:22","modified_gmt":"2023-09-16T03:54:22","slug":"food-factorie","status":"publish","type":"page","link":"https:\/\/mikconnect.com\/vi\/food-factorie\/","title":{"rendered":"NH\u00c0 M\u00c1Y TH\u1ef0C PH\u1ea8M"},"content":{"rendered":"<div data-elementor-type=\"wp-page\" data-elementor-id=\"615\" class=\"elementor elementor-615\">\n\t\t\t\t\t\t\t\t\t<section class=\"elementor-section elementor-top-section elementor-element elementor-element-3cc6c2c7 elementor-section-stretched elementor-section-full_width elementor-section-height-default elementor-section-height-default\" data-id=\"3cc6c2c7\" data-element_type=\"section\" data-settings=\"{&quot;stretch_section&quot;:&quot;section-stretched&quot;}\">\n\t\t\t\t\t\t<div class=\"elementor-container elementor-column-gap-default\">\n\t\t\t\t\t<div class=\"elementor-column elementor-col-100 elementor-top-column elementor-element elementor-element-eb57809\" data-id=\"eb57809\" data-element_type=\"column\">\n\t\t\t<div class=\"elementor-widget-wrap elementor-element-populated\">\n\t\t\t\t\t\t\t\t<div class=\"elementor-element elementor-element-6c79042 title-service elementor-widget elementor-widget-fionca_service\" data-id=\"6c79042\" data-element_type=\"widget\" data-widget_type=\"fionca_service.default\">\n\t\t\t\t<div class=\"elementor-widget-container\">\n\t\t\t\t\t<!-- service-section -->\n\t\t\t\t\t<section class=\"service-section\">\n\t\t\t\t<div class=\"auto-container\">\n\t\t\t\t\t<div class=\"title-box\">\n\t\t\t\t\t\t<div class=\"row clearfix\">\n\t\t\t\t\t\t\t<div class=\"col-lg-6 col-md-12 col-sm-12 title-column\">\n\t\t\t\t\t\t\t\t<div class=\"sec-title right\">\n\t\t\t\t\t\t\t\t\t<h5>NH\u00c0 M\u00c1Y<\/h5>\n\t\t\t\t\t\t\t\t\t<h2 class=\"heading\">\u0110\u1ed2 \u0102N<\/h2>\n\t\t\t\t\t\t\t\t<\/div>\n\t\t\t\t\t\t\t<\/div>\n\t\t\t\t\t\t\t<div class=\"col-lg-6 col-md-12 col-sm-12 text-column\">\n\t\t\t\t\t\t\t\t<div class=\"text\">\n\t\t\t\t\t\t\t\t\t<p>Ch\u00fang t\u00f4i c\u00f3 m\u1ed9t h\u1ec7 th\u1ed1ng c\u00e1c nh\u00e0 m\u00e1y chuy\u00ean s\u1ea3n xu\u1ea5t \u0111a d\u1ea1ng c\u00e1c lo\u1ea1i s\u1ea3n ph\u1ea9m th\u1ef1c ph\u1ea9m. Bao g\u1ed3m: m\u00ec, m\u1ef3 \u00fd, b\u00fan, gia v\u1ecb, n\u01b0\u1edbc t\u01b0\u01a1ng, c\u00e0 ph\u00ea, tr\u00e0, \u0111i\u1ec1u, tr\u00e1i c\u00e2y kh\u00f4, th\u1ef1c ph\u1ea9m \u0111\u00f3ng h\u1ed9p,...<\/p>\n\t\t\t\t\t\t\t\t<\/div>\n\t\t\t\t\t\t\t<\/div>\n\t\t\t\t\t\t<\/div>\n\t\t\t\t\t<\/div>\n\t\t\t\t\t<div class=\"inner-content\">\n\t\t\t\t\t\t<div class=\"row clearfix\">\n\t\t\t\t\t\t\t\t\t\t\t\t\t\t\t<div class=\"col-lg-12 col-md-6 col-sm-12 service-block\">\n\t\t\t\t\t\t\t\t\t<div class=\"service-block-one wow  animated animated\" data-wow-delay=\"0ms\" data-wow-duration=\"1500ms\">\n\t\t\t\t\t\t\t\t\t\t<div class=\"inner-box\">\n\t\t\t\t\t\t\t\t\t\t\t<h4><a href=\"https:\/\/mikconnect.com\/ervices\/taxation-planning\/\"  target=\"_blank\"  rel=\"nofollow\">C\u1ea3i c\u00e1ch thu\u1ebf doanh nghi\u1ec7p<\/a><\/h4>\n\t\t\t\t\t\t\t\t\t\t\t<div class=\"inner\">\n\t\t\t\t\t\t\t\t\t\t\t\t<div class=\"icon-box\"><i aria-hidden=\"true\" class=\"flaticon-search\"><\/i><\/div>\n\t\t\t\t\t\t\t\t\t\t\t\t<p class=\"text-desc\">Ch\u1ea5p nh\u1eadn sintas haecat sed non dui proident sunt culpa sed ipsum tempor.<\/p>\n<!--\t\t\t\t\t\t\t\t\t\t\t\t<a href=\"https:\/\/mikconnect.com\/ervices\/taxation-planning\/\"  target=\"_blank\"  rel=\"nofollow\"><i class=\"fas fa-arrow-right\"><\/i><span>Read More<\/span><\/a>-->\n\t\t\t\t\t\t\t\t\t\t\t<\/div>\n\t\t\t\t\t\t\t\t\t\t<\/div>\n\t\t\t\t\t\t\t\t\t<\/div>\n\t\t\t\t\t\t\t\t<\/div>\n\t\t\t\t\t\t\t\t\t\t\t\t\t<\/div>\n\t\t\t\t\t<\/div>\n\t\t\t\t<\/div>\n\t\t\t<\/section>\n\t\t\t<!-- service-section end -->\n\t\t\t\t<!-- service-style-five end -->\n\t\t\t\t<\/div>\n\t\t\t\t<\/div>\n\t\t\t\t\t<\/div>\n\t\t<\/div>\n\t\t\t\t\t\t\t<\/div>\n\t\t<\/section>\n\t\t\t\t<section class=\"elementor-section elementor-top-section elementor-element elementor-element-f28d705 elementor-section-stretched elementor-section-full_width elementor-section-height-default elementor-section-height-default\" data-id=\"f28d705\" data-element_type=\"section\" data-settings=\"{&quot;stretch_section&quot;:&quot;section-stretched&quot;}\">\n\t\t\t\t\t\t<div class=\"elementor-container elementor-column-gap-default\">\n\t\t\t\t\t<div class=\"elementor-column elementor-col-100 elementor-top-column elementor-element elementor-element-14b188e\" data-id=\"14b188e\" data-element_type=\"column\">\n\t\t\t<div class=\"elementor-widget-wrap elementor-element-populated\">\n\t\t\t\t\t\t\t\t<div class=\"elementor-element elementor-element-df99a27 elementor-arrows-position-outside elementor-pagination-position-outside elementor-widget elementor-widget-image-carousel\" data-id=\"df99a27\" data-element_type=\"widget\" data-settings=\"{&quot;slides_to_show&quot;:&quot;3&quot;,&quot;autoplay_speed&quot;:2000,&quot;slides_to_show_mobile&quot;:&quot;1&quot;,&quot;slides_to_show_tablet&quot;:&quot;2&quot;,&quot;navigation&quot;:&quot;both&quot;,&quot;autoplay&quot;:&quot;yes&quot;,&quot;pause_on_hover&quot;:&quot;yes&quot;,&quot;pause_on_interaction&quot;:&quot;yes&quot;,&quot;infinite&quot;:&quot;yes&quot;,&quot;speed&quot;:500}\" data-widget_type=\"image-carousel.default\">\n\t\t\t\t<div class=\"elementor-widget-container\">\n\t\t\t<style>\/*! elementor - v3.15.0 - 09-08-2023 *\/\n.elementor-widget-image-carousel .swiper,.elementor-widget-image-carousel .swiper-container{position:static}.elementor-widget-image-carousel .swiper-container .swiper-slide figure,.elementor-widget-image-carousel .swiper .swiper-slide figure{line-height:inherit}.elementor-widget-image-carousel .swiper-slide{text-align:center}.elementor-image-carousel-wrapper:not(.swiper-container-initialized):not(.swiper-initialized) .swiper-slide{max-width:calc(100% \/ var(--e-image-carousel-slides-to-show, 3))}<\/style>\t\t<div class=\"elementor-image-carousel-wrapper swiper\" dir=\"ltr\">\n\t\t\t<div class=\"elementor-image-carousel swiper-wrapper\" aria-live=\"off\">\n\t\t\t\t\t\t\t\t<div class=\"swiper-slide\" role=\"group\" aria-roledescription=\"slide\" aria-label=\"1 of 8\"><figure class=\"swiper-slide-inner\"><img decoding=\"async\" class=\"swiper-slide-image\" src=\"https:\/\/mikconnect.com\/wp-content\/uploads\/2023\/09\/700x400-food-copy-2.png\" alt=\"700x400 food copy 2\" \/><\/figure><\/div><div class=\"swiper-slide\" role=\"group\" aria-roledescription=\"slide\" aria-label=\"2 of 8\"><figure class=\"swiper-slide-inner\"><img decoding=\"async\" class=\"swiper-slide-image\" src=\"https:\/\/mikconnect.com\/wp-content\/uploads\/2023\/09\/700x400-food-copy-3.png\" alt=\"700x400 food copy 3\" \/><\/figure><\/div><div class=\"swiper-slide\" role=\"group\" aria-roledescription=\"slide\" aria-label=\"3 of 8\"><figure class=\"swiper-slide-inner\"><img decoding=\"async\" class=\"swiper-slide-image\" src=\"https:\/\/mikconnect.com\/wp-content\/uploads\/2023\/09\/700x400-food-copy-4.png\" alt=\"700x400 food copy 4\" \/><\/figure><\/div><div class=\"swiper-slide\" role=\"group\" aria-roledescription=\"slide\" aria-label=\"4 of 8\"><figure class=\"swiper-slide-inner\"><img decoding=\"async\" class=\"swiper-slide-image\" src=\"https:\/\/mikconnect.com\/wp-content\/uploads\/2023\/09\/700x400-food-copy-5.png\" alt=\"700x400 food copy 5\" \/><\/figure><\/div><div class=\"swiper-slide\" role=\"group\" aria-roledescription=\"slide\" aria-label=\"5 of 8\"><figure class=\"swiper-slide-inner\"><img decoding=\"async\" class=\"swiper-slide-image\" src=\"https:\/\/mikconnect.com\/wp-content\/uploads\/2023\/09\/700x400-food-copy-6.png\" alt=\"700x400 food copy 6\" \/><\/figure><\/div><div class=\"swiper-slide\" role=\"group\" aria-roledescription=\"slide\" aria-label=\"6 of 8\"><figure class=\"swiper-slide-inner\"><img decoding=\"async\" class=\"swiper-slide-image\" src=\"https:\/\/mikconnect.com\/wp-content\/uploads\/2023\/09\/700x400-food-copy-7.png\" alt=\"700x400 food copy 7\" \/><\/figure><\/div><div class=\"swiper-slide\" role=\"group\" aria-roledescription=\"slide\" aria-label=\"7 of 8\"><figure class=\"swiper-slide-inner\"><img decoding=\"async\" class=\"swiper-slide-image\" src=\"https:\/\/mikconnect.com\/wp-content\/uploads\/2023\/09\/700x400-food-copy.png\" alt=\"700x400 food copy\" \/><\/figure><\/div><div class=\"swiper-slide\" role=\"group\" aria-roledescription=\"slide\" aria-label=\"8 of 8\"><figure class=\"swiper-slide-inner\"><img decoding=\"async\" class=\"swiper-slide-image\" src=\"https:\/\/mikconnect.com\/wp-content\/uploads\/2023\/09\/700x400-food.png\" alt=\"700x400 food\" \/><\/figure><\/div>\t\t\t<\/div>\n\t\t\t\t\t\t\t\t\t\t\t\t<div class=\"elementor-swiper-button elementor-swiper-button-prev\" role=\"button\" tabindex=\"0\">\n\t\t\t\t\t\t<i aria-hidden=\"true\" class=\"fas fa-caret-left\"><\/i>\t\t\t\t\t<\/div>\n\t\t\t\t\t<div class=\"elementor-swiper-button elementor-swiper-button-next\" role=\"button\" tabindex=\"0\">\n\t\t\t\t\t\t<i aria-hidden=\"true\" class=\"fas fa-caret-right\"><\/i>\t\t\t\t\t<\/div>\n\t\t\t\t\n\t\t\t\t\t\t\t\t\t<div class=\"swiper-pagination\"><\/div>\n\t\t\t\t\t\t\t\t\t<\/div>\n\t\t\t\t<\/div>\n\t\t\t\t<\/div>\n\t\t\t\t\t<\/div>\n\t\t<\/div>\n\t\t\t\t\t\t\t<\/div>\n\t\t<\/section>\n\t\t\t\t<section class=\"elementor-section elementor-top-section elementor-element elementor-element-f0c5f86 elementor-section-stretched elementor-section-full_width elementor-section-height-default elementor-section-height-default\" data-id=\"f0c5f86\" data-element_type=\"section\" data-settings=\"{&quot;stretch_section&quot;:&quot;section-stretched&quot;}\">\n\t\t\t\t\t\t<div class=\"elementor-container elementor-column-gap-default\">\n\t\t\t\t\t<div class=\"elementor-column elementor-col-100 elementor-top-column elementor-element elementor-element-79d42736\" data-id=\"79d42736\" data-element_type=\"column\">\n\t\t\t<div class=\"elementor-widget-wrap elementor-element-populated\">\n\t\t\t\t\t\t\t\t<div class=\"elementor-element elementor-element-59e6ca2f elementor-widget elementor-widget-heading\" data-id=\"59e6ca2f\" data-element_type=\"widget\" data-widget_type=\"heading.default\">\n\t\t\t\t<div class=\"elementor-widget-container\">\n\t\t\t<style>\/*! elementor - v3.15.0 - 09-08-2023 *\/\n.elementor-heading-title{padding:0;margin:0;line-height:1}.elementor-widget-heading .elementor-heading-title[class*=elementor-size-]>a{color:inherit;font-size:inherit;line-height:inherit}.elementor-widget-heading .elementor-heading-title.elementor-size-small{font-size:15px}.elementor-widget-heading .elementor-heading-title.elementor-size-medium{font-size:19px}.elementor-widget-heading .elementor-heading-title.elementor-size-large{font-size:29px}.elementor-widget-heading .elementor-heading-title.elementor-size-xl{font-size:39px}.elementor-widget-heading .elementor-heading-title.elementor-size-xxl{font-size:59px}<\/style><h2 class=\"elementor-heading-title elementor-size-default\">CH\u1ee8NG NH\u1eacN<\/h2>\t\t<\/div>\n\t\t\t\t<\/div>\n\t\t\t\t<div class=\"elementor-element elementor-element-2ed61342 elementor-widget elementor-widget-fionca_clients\" data-id=\"2ed61342\" data-element_type=\"widget\" data-widget_type=\"fionca_clients.default\">\n\t\t\t\t<div class=\"elementor-widget-container\">\n\t\t\t\t\t\t\t\t<section class=\"clients-section\">\n\t\t\t\t<div class=\"auto-container\">\n\t\t\t\t\t<div class=\"clients-carousel owl-carousel owl-theme owl-dots-none owl-nav-none\">\n\t\t\t\t\t\t\n\t\t\t\t\t\t\t<figure class=\"client-logo\"><a href=\"https:\/\/mikconnect.com\/\"  target=\"_blank\"  rel=\"nofollow\"><img decoding=\"async\" src=\"https:\/\/mikconnect.com\/wp-content\/uploads\/2023\/09\/512x512-7-2.png\" title=\"512&#215;512-7\" alt=\"512x512-7\" loading=\"lazy\" \/><\/a><\/figure>\n\t\t\t\t\t\t\n\t\t\t\t\t\t\t<figure class=\"client-logo\"><a href=\"https:\/\/mikconnect.com\/\"  target=\"_blank\"  rel=\"nofollow\"><img decoding=\"async\" src=\"https:\/\/mikconnect.com\/wp-content\/uploads\/2023\/09\/512x512-11-2.png\" title=\"512&#215;512-11\" alt=\"512x512-11\" loading=\"lazy\" \/><\/a><\/figure>\n\t\t\t\t\t\t\n\t\t\t\t\t\t\t<figure class=\"client-logo\"><a href=\"https:\/\/mikconnect.com\/\"  target=\"_blank\"  rel=\"nofollow\"><img decoding=\"async\" src=\"https:\/\/mikconnect.com\/wp-content\/uploads\/2023\/09\/512x512-10-3.png\" title=\"512&#215;512-10\" alt=\"512x512-10\" loading=\"lazy\" \/><\/a><\/figure>\n\t\t\t\t\t\t\n\t\t\t\t\t\t\t<figure class=\"client-logo\"><a href=\"https:\/\/mikconnect.com\/\"  target=\"_blank\"  rel=\"nofollow\"><img decoding=\"async\" src=\"https:\/\/mikconnect.com\/wp-content\/uploads\/2023\/09\/512x512-6-2.png\" title=\"512&#215;512-6\" alt=\"512x512-6\" loading=\"lazy\" \/><\/a><\/figure>\n\t\t\t\t\t\t\n\t\t\t\t\t\t\t<figure class=\"client-logo\"><a href=\"https:\/\/mikconnect.com\/\"  target=\"_blank\"  rel=\"nofollow\"><img decoding=\"async\" src=\"https:\/\/mikconnect.com\/wp-content\/uploads\/2023\/09\/512x512-8-2.png\" title=\"512&#215;512-8\" alt=\"512x512-8\" loading=\"lazy\" \/><\/a><\/figure>\n\t\t\t\t\t\t\n\t\t\t\t\t<\/div>\n\t\t\t\t<\/div>\n\t\t\t<\/section>\n\t\t\t<!-- clients-section end -->\n\t\t\t\t\t\t<\/div>\n\t\t\t\t<\/div>\n\t\t\t\t\t<\/div>\n\t\t<\/div>\n\t\t\t\t\t\t\t<\/div>\n\t\t<\/section>\n\t\t\t\t\t\t\t<\/div>","protected":false},"excerpt":{"rendered":"<p>FACTORY FOOD We have a network of factories specializing in various types of food products. These include: Noodle, Macaroni, Vermicelli, <span>&#8230;<\/span><\/p>","protected":false},"author":1,"featured_media":1063,"parent":0,"menu_order":0,"comment_status":"closed","ping_status":"closed","template":"elementor_header_footer","meta":{"footnotes":""},"class_list":["post-615","page","type-page","status-publish","has-post-thumbnail","hentry"],"_links":{"self":[{"href":"https:\/\/mikconnect.com\/vi\/wp-json\/wp\/v2\/pages\/615","targetHints":{"allow":["GET"]}}],"collection":[{"href":"https:\/\/mikconnect.com\/vi\/wp-json\/wp\/v2\/pages"}],"about":[{"href":"https:\/\/mikconnect.com\/vi\/wp-json\/wp\/v2\/types\/page"}],"author":[{"embeddable":true,"href":"https:\/\/mikconnect.com\/vi\/wp-json\/wp\/v2\/users\/1"}],"replies":[{"embeddable":true,"href":"https:\/\/mikconnect.com\/vi\/wp-json\/wp\/v2\/comments?post=615"}],"version-history":[{"count":61,"href":"https:\/\/mikconnect.com\/vi\/wp-json\/wp\/v2\/pages\/615\/revisions"}],"predecessor-version":[{"id":67387,"href":"https:\/\/mikconnect.com\/vi\/wp-json\/wp\/v2\/pages\/615\/revisions\/67387"}],"wp:featuredmedia":[{"embeddable":true,"href":"https:\/\/mikconnect.com\/vi\/wp-json\/wp\/v2\/media\/1063"}],"wp:attachment":[{"href":"https:\/\/mikconnect.com\/vi\/wp-json\/wp\/v2\/media?parent=615"}],"curies":[{"name":"wp","href":"https:\/\/api.w.org\/{rel}","templated":true}]}}